{"id":266,"date":"2019-11-07T09:29:35","date_gmt":"2019-11-07T08:29:35","guid":{"rendered":"http:\/\/www.jeanbarlerin.com\/?page_id=266"},"modified":"2023-02-10T10:41:02","modified_gmt":"2023-02-10T09:41:02","slug":"actu","status":"publish","type":"page","link":"https:\/\/www.jeanbarlerin.com\/","title":{"rendered":"Actu"},"content":{"rendered":"\t\t<div data-elementor-type=\"wp-page\" data-elementor-id=\"266\" class=\"elementor elementor-266\">\n\t\t\t\t\t\t<div class=\"elementor-inner\">\n\t\t\t\t<div class=\"elementor-section-wrap\">\n\t\t\t\t\t\t\t\t\t<section class=\"elementor-section elementor-top-section elementor-element elementor-element-3d04f34 elementor-section-boxed elementor-section-height-default elementor-section-height-default\" data-id=\"3d04f34\" data-element_type=\"section\">\n\t\t\t\t\t\t<div class=\"elementor-container elementor-column-gap-default\">\n\t\t\t\t\t\t\t<div class=\"elementor-row\">\n\t\t\t\t\t<div class=\"elementor-column elementor-col-100 elementor-top-column elementor-element elementor-element-45dbc76\" data-id=\"45dbc76\" data-element_type=\"column\">\n\t\t\t<div class=\"elementor-column-wrap elementor-element-populated\">\n\t\t\t\t\t\t\t<div class=\"elementor-widget-wrap\">\n\t\t\t\t\t\t<div class=\"elementor-element elementor-element-69ca423 elementor-widget elementor-widget-text-editor\" data-id=\"69ca423\" data-element_type=\"widget\" data-widget_type=\"text-editor.default\">\n\t\t\t\t<div class=\"elementor-widget-container\">\n\t\t\t\t\t\t\t\t<div class=\"elementor-text-editor elementor-clearfix\">\n\t\t\t\t<h5><span style=\"color: #000000;\"><strong>th\u00e9\u00e2tre : <a href=\"https:\/\/www.licornedebrume.com\/#piece-grains-de-sel\" target=\"_blank\" rel=\"noopener\"><em>GRAINS DE SEL<\/em><\/a><\/strong><strong><em> &#8211; compagnie Licorne de Brume<\/em><\/strong><\/span><\/h5>\t\t\t\t\t<\/div>\n\t\t\t\t\t\t<\/div>\n\t\t\t\t<\/div>\n\t\t\t\t<section class=\"elementor-section elementor-inner-section elementor-element elementor-element-6cd1c5c elementor-section-boxed elementor-section-height-default elementor-section-height-default\" data-id=\"6cd1c5c\" data-element_type=\"section\">\n\t\t\t\t\t\t<div class=\"elementor-container elementor-column-gap-default\">\n\t\t\t\t\t\t\t<div class=\"elementor-row\">\n\t\t\t\t\t<div class=\"elementor-column elementor-col-50 elementor-inner-column elementor-element elementor-element-9d979ee\" data-id=\"9d979ee\" data-element_type=\"column\">\n\t\t\t<div class=\"elementor-column-wrap elementor-element-populated\">\n\t\t\t\t\t\t\t<div class=\"elementor-widget-wrap\">\n\t\t\t\t\t\t<div class=\"elementor-element elementor-element-ad869c1 elementor-widget elementor-widget-image\" data-id=\"ad869c1\" data-element_type=\"widget\" data-widget_type=\"image.default\">\n\t\t\t\t<div class=\"elementor-widget-container\">\n\t\t\t\t\t\t\t\t<div class=\"elementor-image\">\n\t\t\t\t\t\t\t\t\t\t\t\t\t<a href=\"https:\/\/www.licornedebrume.com\/#piece-une-cotelette-dans-le-buffet\" target=\"_blank\">\n\t\t\t\t\t\t\t<img width=\"525\" height=\"736\" src=\"https:\/\/www.jeanbarlerin.com\/wp-content\/uploads\/2021\/09\/GDS.jpg\" class=\"attachment-large size-large wp-image-321\" alt=\"\" loading=\"lazy\" srcset=\"https:\/\/www.jeanbarlerin.com\/wp-content\/uploads\/2021\/09\/GDS.jpg 534w, https:\/\/www.jeanbarlerin.com\/wp-content\/uploads\/2021\/09\/GDS-214x300.jpg 214w\" sizes=\"100vw\" \/>\t\t\t\t\t\t\t\t<\/a>\n\t\t\t\t\t\t\t\t\t\t\t\t\t\t<\/div>\n\t\t\t\t\t\t<\/div>\n\t\t\t\t<\/div>\n\t\t\t\t\t\t<\/div>\n\t\t\t\t\t<\/div>\n\t\t<\/div>\n\t\t\t\t<div class=\"elementor-column elementor-col-50 elementor-inner-column elementor-element elementor-element-e1a2420\" data-id=\"e1a2420\" data-element_type=\"column\">\n\t\t\t<div class=\"elementor-column-wrap elementor-element-populated\">\n\t\t\t\t\t\t\t<div class=\"elementor-widget-wrap\">\n\t\t\t\t\t\t<div class=\"elementor-element elementor-element-fc16449 elementor-widget elementor-widget-text-editor\" data-id=\"fc16449\" data-element_type=\"widget\" data-widget_type=\"text-editor.default\">\n\t\t\t\t<div class=\"elementor-widget-container\">\n\t\t\t\t\t\t\t\t<div class=\"elementor-text-editor elementor-clearfix\">\n\t\t\t\t<ul>\n<li>25 mars 2023 &#8211; Pevele Carembault (59)<\/li><li>Juillet 2023 &#8211; Avignon (84)<\/li>\n<li>9 novembre 2023 &#8211; Abbeville (80)<\/li>\n<li>10 novembre 2023 &#8211; Laon (02)<\/li>\n<li>19 janvier 2024 &#8211; Arras (62)<\/li>\n<li>20 janvier 2024 &#8211; Moreuil (80)<\/li>\n<\/ul>\n<h5><strong><em>&nbsp;<\/em><\/strong><\/h5>\t\t\t\t\t<\/div>\n\t\t\t\t\t\t<\/div>\n\t\t\t\t<\/div>\n\t\t\t\t\t\t<\/div>\n\t\t\t\t\t<\/div>\n\t\t<\/div>\n\t\t\t\t\t\t\t\t<\/div>\n\t\t\t\t\t<\/div>\n\t\t<\/section>\n\t\t\t\t\t\t<\/div>\n\t\t\t\t\t<\/div>\n\t\t<\/div>\n\t\t\t\t\t\t\t\t<\/div>\n\t\t\t\t\t<\/div>\n\t\t<\/section>\n\t\t\t\t<section class=\"elementor-section elementor-top-section elementor-element elementor-element-946dd34 elementor-section-boxed elementor-section-height-default elementor-section-height-default\" data-id=\"946dd34\" data-element_type=\"section\">\n\t\t\t\t\t\t<div class=\"elementor-container elementor-column-gap-default\">\n\t\t\t\t\t\t\t<div class=\"elementor-row\">\n\t\t\t\t\t<div class=\"elementor-column elementor-col-100 elementor-top-column elementor-element elementor-element-89f03ae\" data-id=\"89f03ae\" data-element_type=\"column\">\n\t\t\t<div class=\"elementor-column-wrap elementor-element-populated\">\n\t\t\t\t\t\t\t<div class=\"elementor-widget-wrap\">\n\t\t\t\t\t\t<div class=\"elementor-element elementor-element-a13edfa elementor-widget elementor-widget-text-editor\" data-id=\"a13edfa\" data-element_type=\"widget\" data-widget_type=\"text-editor.default\">\n\t\t\t\t<div class=\"elementor-widget-container\">\n\t\t\t\t\t\t\t\t<div class=\"elementor-text-editor elementor-clearfix\">\n\t\t\t\t<h5>\u00a0<\/h5><h5>\u00a0<span style=\"color: #000000;\"><strong>th\u00e9\u00e2tre : <a href=\"https:\/\/grandtigre.fr\/spectacles\/hernani\/\" target=\"_blank\" rel=\"noopener\"><em>HERNANI ! BRIGAND DE LA PENSEE<\/em><\/a><\/strong><strong><em> &#8211; compagnie GRAND TIGRE<\/em><\/strong><\/span><\/h5>\t\t\t\t\t<\/div>\n\t\t\t\t\t\t<\/div>\n\t\t\t\t<\/div>\n\t\t\t\t<section class=\"elementor-section elementor-inner-section elementor-element elementor-element-e70bc58 elementor-section-boxed elementor-section-height-default elementor-section-height-default\" data-id=\"e70bc58\" data-element_type=\"section\">\n\t\t\t\t\t\t<div class=\"elementor-container elementor-column-gap-default\">\n\t\t\t\t\t\t\t<div class=\"elementor-row\">\n\t\t\t\t\t<div class=\"elementor-column elementor-col-50 elementor-inner-column elementor-element elementor-element-1d0a16c\" data-id=\"1d0a16c\" data-element_type=\"column\">\n\t\t\t<div class=\"elementor-column-wrap elementor-element-populated\">\n\t\t\t\t\t\t\t<div class=\"elementor-widget-wrap\">\n\t\t\t\t\t\t<div class=\"elementor-element elementor-element-84f1179 elementor-widget elementor-widget-image\" data-id=\"84f1179\" data-element_type=\"widget\" data-widget_type=\"image.default\">\n\t\t\t\t<div class=\"elementor-widget-container\">\n\t\t\t\t\t\t\t\t<div class=\"elementor-image\">\n\t\t\t\t\t\t\t\t\t\t\t\t\t<a href=\"https:\/\/www.lapsequipedumatin.com\/devrivee\/\" target=\"_blank\">\n\t\t\t\t\t\t\t<img width=\"525\" height=\"800\" src=\"https:\/\/www.jeanbarlerin.com\/wp-content\/uploads\/2019\/09\/Hernani-2-672x1024.jpg\" class=\"attachment-large size-large wp-image-198\" alt=\"\" loading=\"lazy\" srcset=\"https:\/\/www.jeanbarlerin.com\/wp-content\/uploads\/2019\/09\/Hernani-2-672x1024.jpg 672w, https:\/\/www.jeanbarlerin.com\/wp-content\/uploads\/2019\/09\/Hernani-2-197x300.jpg 197w, https:\/\/www.jeanbarlerin.com\/wp-content\/uploads\/2019\/09\/Hernani-2-768x1171.jpg 768w, https:\/\/www.jeanbarlerin.com\/wp-content\/uploads\/2019\/09\/Hernani-2.jpg 1024w\" sizes=\"100vw\" \/>\t\t\t\t\t\t\t\t<\/a>\n\t\t\t\t\t\t\t\t\t\t\t\t\t\t<\/div>\n\t\t\t\t\t\t<\/div>\n\t\t\t\t<\/div>\n\t\t\t\t\t\t<\/div>\n\t\t\t\t\t<\/div>\n\t\t<\/div>\n\t\t\t\t<div class=\"elementor-column elementor-col-50 elementor-inner-column elementor-element elementor-element-06823f2\" data-id=\"06823f2\" data-element_type=\"column\">\n\t\t\t<div class=\"elementor-column-wrap elementor-element-populated\">\n\t\t\t\t\t\t\t<div class=\"elementor-widget-wrap\">\n\t\t\t\t\t\t<div class=\"elementor-element elementor-element-408dfdd elementor-widget elementor-widget-text-editor\" data-id=\"408dfdd\" data-element_type=\"widget\" data-widget_type=\"text-editor.default\">\n\t\t\t\t<div class=\"elementor-widget-container\">\n\t\t\t\t\t\t\t\t<div class=\"elementor-text-editor elementor-clearfix\">\n\t\t\t\t<p>28 mars 2024 &#8211; St Jean d&rsquo;Angely (17)<\/p>\t\t\t\t\t<\/div>\n\t\t\t\t\t\t<\/div>\n\t\t\t\t<\/div>\n\t\t\t\t\t\t<\/div>\n\t\t\t\t\t<\/div>\n\t\t<\/div>\n\t\t\t\t\t\t\t\t<\/div>\n\t\t\t\t\t<\/div>\n\t\t<\/section>\n\t\t\t\t\t\t<\/div>\n\t\t\t\t\t<\/div>\n\t\t<\/div>\n\t\t\t\t\t\t\t\t<\/div>\n\t\t\t\t\t<\/div>\n\t\t<\/section>\n\t\t\t\t<section class=\"elementor-section elementor-top-section elementor-element elementor-element-a7699ee elementor-section-boxed elementor-section-height-default elementor-section-height-default\" data-id=\"a7699ee\" data-element_type=\"section\">\n\t\t\t\t\t\t<div class=\"elementor-container elementor-column-gap-default\">\n\t\t\t\t\t\t\t<div class=\"elementor-row\">\n\t\t\t\t\t<div class=\"elementor-column elementor-col-100 elementor-top-column elementor-element elementor-element-77708f3\" data-id=\"77708f3\" data-element_type=\"column\">\n\t\t\t<div class=\"elementor-column-wrap elementor-element-populated\">\n\t\t\t\t\t\t\t<div class=\"elementor-widget-wrap\">\n\t\t\t\t\t\t<div class=\"elementor-element elementor-element-7e339c0 elementor-widget elementor-widget-text-editor\" data-id=\"7e339c0\" data-element_type=\"widget\" data-widget_type=\"text-editor.default\">\n\t\t\t\t<div class=\"elementor-widget-container\">\n\t\t\t\t\t\t\t\t<div class=\"elementor-text-editor elementor-clearfix\">\n\t\t\t\t<h5>\u00a0<\/h5><h5><span style=\"color: #000000;\"><strong>th\u00e9\u00e2tre : <a style=\"color: #000000;\" href=\"https:\/\/www.lapsequipedumatin.com\/devrivee\/\" target=\"_blank\" rel=\"noopener\">D\u00e9riv\u00e9e\/COD<\/a><\/strong><strong><a style=\"color: #000000;\" href=\"https:\/\/www.lapsequipedumatin.com\/devrivee\/\" target=\"_blank\" rel=\"noopener\">\u00e9<\/a><\/strong><strong><a style=\"color: #000000;\" href=\"https:\/\/www.lapsequipedumatin.com\/devrivee\/\" target=\"_blank\" rel=\"noopener\">E<\/a><\/strong><strong><em> &#8211; compagnie LAPS\/\u00e9quipe du matin<\/em><\/strong><\/span><\/h5>\t\t\t\t\t<\/div>\n\t\t\t\t\t\t<\/div>\n\t\t\t\t<\/div>\n\t\t\t\t<section class=\"elementor-section elementor-inner-section elementor-element elementor-element-6e7ffc5 elementor-section-boxed elementor-section-height-default elementor-section-height-default\" data-id=\"6e7ffc5\" data-element_type=\"section\">\n\t\t\t\t\t\t<div class=\"elementor-container elementor-column-gap-default\">\n\t\t\t\t\t\t\t<div class=\"elementor-row\">\n\t\t\t\t\t<div class=\"elementor-column elementor-col-50 elementor-inner-column elementor-element elementor-element-0bc57f9\" data-id=\"0bc57f9\" data-element_type=\"column\">\n\t\t\t<div class=\"elementor-column-wrap elementor-element-populated\">\n\t\t\t\t\t\t\t<div class=\"elementor-widget-wrap\">\n\t\t\t\t\t\t<div class=\"elementor-element elementor-element-0f8501a elementor-widget elementor-widget-image\" data-id=\"0f8501a\" data-element_type=\"widget\" data-widget_type=\"image.default\">\n\t\t\t\t<div class=\"elementor-widget-container\">\n\t\t\t\t\t\t\t\t<div class=\"elementor-image\">\n\t\t\t\t\t\t\t\t\t\t\t\t\t<a href=\"https:\/\/www.lapsequipedumatin.com\/devrivee\/\" target=\"_blank\">\n\t\t\t\t\t\t\t<img width=\"525\" height=\"700\" src=\"https:\/\/www.jeanbarlerin.com\/wp-content\/uploads\/2019\/11\/D\u00e9riv\u00e9e-768x1024.png\" class=\"attachment-large size-large wp-image-251\" alt=\"\" loading=\"lazy\" srcset=\"https:\/\/www.jeanbarlerin.com\/wp-content\/uploads\/2019\/11\/D\u00e9riv\u00e9e-768x1024.png 768w, https:\/\/www.jeanbarlerin.com\/wp-content\/uploads\/2019\/11\/D\u00e9riv\u00e9e-225x300.png 225w, https:\/\/www.jeanbarlerin.com\/wp-content\/uploads\/2019\/11\/D\u00e9riv\u00e9e.png 1500w\" sizes=\"100vw\" \/>\t\t\t\t\t\t\t\t<\/a>\n\t\t\t\t\t\t\t\t\t\t\t\t\t\t<\/div>\n\t\t\t\t\t\t<\/div>\n\t\t\t\t<\/div>\n\t\t\t\t\t\t<\/div>\n\t\t\t\t\t<\/div>\n\t\t<\/div>\n\t\t\t\t<div class=\"elementor-column elementor-col-50 elementor-inner-column elementor-element elementor-element-533bf08\" data-id=\"533bf08\" data-element_type=\"column\">\n\t\t\t<div class=\"elementor-column-wrap elementor-element-populated\">\n\t\t\t\t\t\t\t<div class=\"elementor-widget-wrap\">\n\t\t\t\t\t\t<div class=\"elementor-element elementor-element-30e2f9e elementor-widget elementor-widget-text-editor\" data-id=\"30e2f9e\" data-element_type=\"widget\" data-widget_type=\"text-editor.default\">\n\t\t\t\t<div class=\"elementor-widget-container\">\n\t\t\t\t\t\t\t\t<div class=\"elementor-text-editor elementor-clearfix\">\n\t\t\t\t<ul><li style=\"list-style-type: none;\">Diverses dates dans la saison 2022-2023<\/li><\/ul>\t\t\t\t\t<\/div>\n\t\t\t\t\t\t<\/div>\n\t\t\t\t<\/div>\n\t\t\t\t\t\t<\/div>\n\t\t\t\t\t<\/div>\n\t\t<\/div>\n\t\t\t\t\t\t\t\t<\/div>\n\t\t\t\t\t<\/div>\n\t\t<\/section>\n\t\t\t\t\t\t<\/div>\n\t\t\t\t\t<\/div>\n\t\t<\/div>\n\t\t\t\t\t\t\t\t<\/div>\n\t\t\t\t\t<\/div>\n\t\t<\/section>\n\t\t\t\t<section class=\"elementor-section elementor-top-section elementor-element elementor-element-abee360 elementor-section-boxed elementor-section-height-default elementor-section-height-default\" data-id=\"abee360\" data-element_type=\"section\">\n\t\t\t\t\t\t<div class=\"elementor-container elementor-column-gap-default\">\n\t\t\t\t\t\t\t<div class=\"elementor-row\">\n\t\t\t\t\t<div class=\"elementor-column elementor-col-100 elementor-top-column elementor-element elementor-element-bb1e78e\" data-id=\"bb1e78e\" data-element_type=\"column\">\n\t\t\t<div class=\"elementor-column-wrap elementor-element-populated\">\n\t\t\t\t\t\t\t<div class=\"elementor-widget-wrap\">\n\t\t\t\t\t\t<div class=\"elementor-element elementor-element-f1b65d2 elementor-widget elementor-widget-text-editor\" data-id=\"f1b65d2\" data-element_type=\"widget\" data-widget_type=\"text-editor.default\">\n\t\t\t\t<div class=\"elementor-widget-container\">\n\t\t\t\t\t\t\t\t<div class=\"elementor-text-editor elementor-clearfix\">\n\t\t\t\t<h5><span style=\"color: #333333;\">\u00a0<\/span><\/h5><h5><span style=\"color: #333333;\"><strong><a style=\"color: #333333;\" href=\"http:\/\/www.theatreaseilhac.com\" target=\"_blank\" rel=\"noopener\">FEStival Th\u00e9\u00e2tre \u00e0 Seilhac 2022<\/a> : 8\u00e8me \u00e9dition<\/strong><\/span><\/h5>\t\t\t\t\t<\/div>\n\t\t\t\t\t\t<\/div>\n\t\t\t\t<\/div>\n\t\t\t\t<section class=\"elementor-section elementor-inner-section elementor-element elementor-element-aa3c778 elementor-section-boxed elementor-section-height-default elementor-section-height-default\" data-id=\"aa3c778\" data-element_type=\"section\">\n\t\t\t\t\t\t<div class=\"elementor-container elementor-column-gap-default\">\n\t\t\t\t\t\t\t<div class=\"elementor-row\">\n\t\t\t\t\t<div class=\"elementor-column elementor-col-50 elementor-inner-column elementor-element elementor-element-8d2850d\" data-id=\"8d2850d\" data-element_type=\"column\">\n\t\t\t<div class=\"elementor-column-wrap elementor-element-populated\">\n\t\t\t\t\t\t\t<div class=\"elementor-widget-wrap\">\n\t\t\t\t\t\t<div class=\"elementor-element elementor-element-667fd87 elementor-widget elementor-widget-image\" data-id=\"667fd87\" data-element_type=\"widget\" data-widget_type=\"image.default\">\n\t\t\t\t<div class=\"elementor-widget-container\">\n\t\t\t\t\t\t\t\t<div class=\"elementor-image\">\n\t\t\t\t\t\t\t\t\t\t\t\t\t<a href=\"https:\/\/www.theatreaseilhac.com\" target=\"_blank\">\n\t\t\t\t\t\t\t<img width=\"525\" height=\"743\" src=\"https:\/\/www.jeanbarlerin.com\/wp-content\/uploads\/2019\/11\/Affichep-724x1024.jpg\" class=\"attachment-large size-large wp-image-268\" alt=\"\" loading=\"lazy\" srcset=\"https:\/\/www.jeanbarlerin.com\/wp-content\/uploads\/2019\/11\/Affichep-724x1024.jpg 724w, https:\/\/www.jeanbarlerin.com\/wp-content\/uploads\/2019\/11\/Affichep-212x300.jpg 212w, https:\/\/www.jeanbarlerin.com\/wp-content\/uploads\/2019\/11\/Affichep-768x1086.jpg 768w, https:\/\/www.jeanbarlerin.com\/wp-content\/uploads\/2019\/11\/Affichep.jpg 1191w\" sizes=\"100vw\" \/>\t\t\t\t\t\t\t\t<\/a>\n\t\t\t\t\t\t\t\t\t\t\t\t\t\t<\/div>\n\t\t\t\t\t\t<\/div>\n\t\t\t\t<\/div>\n\t\t\t\t\t\t<\/div>\n\t\t\t\t\t<\/div>\n\t\t<\/div>\n\t\t\t\t<div class=\"elementor-column elementor-col-50 elementor-inner-column elementor-element elementor-element-71c7eec\" data-id=\"71c7eec\" data-element_type=\"column\">\n\t\t\t<div class=\"elementor-column-wrap elementor-element-populated\">\n\t\t\t\t\t\t\t<div class=\"elementor-widget-wrap\">\n\t\t\t\t\t\t<div class=\"elementor-element elementor-element-70d792d elementor-widget elementor-widget-text-editor\" data-id=\"70d792d\" data-element_type=\"widget\" data-widget_type=\"text-editor.default\">\n\t\t\t\t<div class=\"elementor-widget-container\">\n\t\t\t\t\t\t\t\t<div class=\"elementor-text-editor elementor-clearfix\">\n\t\t\t\t<p>4, 5, 6 ao\u00fbt 2023<\/p><p>Programmation du festival<\/p>\t\t\t\t\t<\/div>\n\t\t\t\t\t\t<\/div>\n\t\t\t\t<\/div>\n\t\t\t\t\t\t<\/div>\n\t\t\t\t\t<\/div>\n\t\t<\/div>\n\t\t\t\t\t\t\t\t<\/div>\n\t\t\t\t\t<\/div>\n\t\t<\/section>\n\t\t\t\t\t\t<\/div>\n\t\t\t\t\t<\/div>\n\t\t<\/div>\n\t\t\t\t\t\t\t\t<\/div>\n\t\t\t\t\t<\/div>\n\t\t<\/section>\n\t\t\t\t<section class=\"elementor-section elementor-top-section elementor-element elementor-element-266b9e9 elementor-section-boxed elementor-section-height-default elementor-section-height-default\" data-id=\"266b9e9\" data-element_type=\"section\">\n\t\t\t\t\t\t<div class=\"elementor-container elementor-column-gap-default\">\n\t\t\t\t\t\t\t<div class=\"elementor-row\">\n\t\t\t\t\t<div class=\"elementor-column elementor-col-100 elementor-top-column elementor-element elementor-element-85bd71d\" data-id=\"85bd71d\" data-element_type=\"column\">\n\t\t\t<div class=\"elementor-column-wrap\">\n\t\t\t\t\t\t\t<div class=\"elementor-widget-wrap\">\n\t\t\t\t\t\t\t\t<\/div>\n\t\t\t\t\t<\/div>\n\t\t<\/div>\n\t\t\t\t\t\t\t\t<\/div>\n\t\t\t\t\t<\/div>\n\t\t<\/section>\n\t\t\t\t\t\t\t\t\t<\/div>\n\t\t\t<\/div>\n\t\t\t\t\t<\/div>\n\t\t","protected":false},"excerpt":{"rendered":"<p>th\u00e9\u00e2tre : GRAINS DE SEL &#8211; compagnie Licorne de Brume 25 mars 2023 &#8211; Pevele Carembault (59) Juillet 2023 &#8211; Avignon (84) 9 novembre 2023 &#8211; Abbeville (80) 10 novembre 2023 &#8211; Laon (02) 19 janvier 2024 &#8211; Arras (62) 20 janvier 2024 &#8211; Moreuil (80) &nbsp; \u00a0 \u00a0th\u00e9\u00e2tre : HERNANI ! BRIGAND DE LA &hellip; <\/p>\n<p class=\"link-more\"><a href=\"https:\/\/www.jeanbarlerin.com\/\" class=\"more-link\">Continuer la lecture<span class=\"screen-reader-text\"> de &laquo;&nbsp;Actu&nbsp;&raquo;<\/span><\/a><\/p>\n","protected":false},"author":1,"featured_media":0,"parent":0,"menu_order":0,"comment_status":"closed","ping_status":"closed","template":"","meta":[],"_links":{"self":[{"href":"https:\/\/www.jeanbarlerin.com\/index.php?rest_route=\/wp\/v2\/pages\/266"}],"collection":[{"href":"https:\/\/www.jeanbarlerin.com\/index.php?rest_route=\/wp\/v2\/pages"}],"about":[{"href":"https:\/\/www.jeanbarlerin.com\/index.php?rest_route=\/wp\/v2\/types\/page"}],"author":[{"embeddable":true,"href":"https:\/\/www.jeanbarlerin.com\/index.php?rest_route=\/wp\/v2\/users\/1"}],"replies":[{"embeddable":true,"href":"https:\/\/www.jeanbarlerin.com\/index.php?rest_route=%2Fwp%2Fv2%2Fcomments&post=266"}],"version-history":[{"count":39,"href":"https:\/\/www.jeanbarlerin.com\/index.php?rest_route=\/wp\/v2\/pages\/266\/revisions"}],"predecessor-version":[{"id":370,"href":"https:\/\/www.jeanbarlerin.com\/index.php?rest_route=\/wp\/v2\/pages\/266\/revisions\/370"}],"wp:attachment":[{"href":"https:\/\/www.jeanbarlerin.com\/index.php?rest_route=%2Fwp%2Fv2%2Fmedia&parent=266"}],"curies":[{"name":"wp","href":"https:\/\/api.w.org\/{rel}","templated":true}]}}