{"id":17,"date":"2019-09-17T11:05:46","date_gmt":"2019-09-17T09:05:46","guid":{"rendered":"http:\/\/www.jeanbarlerin.com\/?page_id=17"},"modified":"2021-09-15T14:14:34","modified_gmt":"2021-09-15T12:14:34","slug":"cv","status":"publish","type":"page","link":"https:\/\/www.jeanbarlerin.com\/?page_id=17","title":{"rendered":"CV \/ Infos"},"content":{"rendered":"\n<p style=\"font-size:14px\"><strong><em><a href=\"http:\/\/www.jeanbarlerin.com\/wp-content\/uploads\/2021\/01\/cv_jean_barlerin.pdf\" target=\"_blank\" rel=\"noreferrer noopener\" aria-label=\"t\u00e9l\u00e9chargeable ici en pdf (s\u2019ouvre dans un nouvel onglet)\">t\u00e9l\u00e9chargeable ici en pdf<\/a><\/em><\/strong><\/p>\n\n\n\n<p> <strong>Com\u00e9dien &#8211; Chant &#8211; Voix-off<\/strong><\/p>\n\n\n\n<p style=\"font-size:14px\"><strong>Depuis 2015 : fondateur et programmateur du festival \u00ab Th\u00e9\u00e2tre \u00e0 Seilhac \u00bb<\/strong><br><strong>www.theatreaseilhac.com<\/strong><\/p>\n\n\n\n<p style=\"font-size:12px\">Chant : baryton &#8211; baryton martin<br>1 m 77 \u2013 73 kg \u2013 Pointure 41<br>Veste&nbsp;50 \u2013 Pantalon 40 \u2013 Cou&nbsp;42 \u2013 T\u00eate 59<br>Cheveux ch\u00e2tain &#8211; Yeux bleus <\/p>\n\n\n\n<p><\/p>\n\n\n\n<p class=\"has-medium-font-size\"><br><strong>Exp\u00e9rience artistique<\/strong><\/p>\n\n\n\n<p class=\"has-normal-font-size\"><strong> Interpr\u00e8te au th\u00e9\u00e2tre<\/strong><\/p>\n\n\n\n<p class=\"has-text-align-left\" style=\"font-size:12px\"> <br> <em><strong>Depuis 2020 &#8211; Grains de Sel <\/strong><\/em><strong> \/Cie Licorne de Brume<\/strong><br>Hippolyte<em> &#8211;\u00a0<\/em><strong>Paris, Beauvais,\u00a0Amiens<\/strong><br>  <br> <em><strong>Depuis 2018 &#8211; Hernani ! Brigand de la pens\u00e9e <\/strong><\/em><strong> \/Cie Grand Th\u00e9\u00e2tre<\/strong><br><em>R\u00f4les divers &#8211;\u00a0<\/em><strong>Paris, Avignon, tourn\u00e9e<\/strong><br> <br> <strong><em>Depuis 2016 &#8211; D\u00e9riv\u00e9e\/Cod\u00e9e, th\u00e9\u00e2tre forum<\/em> <\/strong>m.e.s. Emilie Lambert<strong> \/Cie LAPS\/Equipe du matin<\/strong><br><em>R\u00f4les divers &#8211;\u00a0<\/em><strong>Paris, tourn\u00e9e<\/strong> <\/p>\n\n\n\n<p style=\"font-size:12px\"> <em><strong>2016-2019 &#8211; Chat Noir ! <\/strong><\/em> m.e.s. Etienne&nbsp;Luneau<strong> \/Cie Grand Th\u00e9\u00e2tre <\/strong><br><em>R\u00f4le d&rsquo;Aristide &#8211; <\/em> <strong>Paris, Avignon, tourn\u00e9e<\/strong><br><br><em><strong>2013-2019 &#8211; L&rsquo;Odyss\u00e9e ou la folle conf\u00e9rence du Pr Larimbart<\/strong><\/em> <strong>\/Cie Grand Th\u00e9\u00e2tre<\/strong><br><em>R\u00f4le du Professeur Larimbart<\/em> <em>&#8211;&nbsp;<\/em><strong>Paris, tourn\u00e9e<\/strong>  <br><br><strong><em>2015 &#8211; La nuit des Dupes <\/em><\/strong>de Michel Heim <em><strong>\/Les Amis de Monsieurs<\/strong><\/em><br><em>R\u00f4les de Buckingham&nbsp;et de d&rsquo;Artagnan &#8211; <\/em><strong>Avignon<\/strong> <br><br><strong><em>2015 &#8211; La nuit des Reines <\/em><\/strong>de Michel Heim <em><strong>\/Les Amis de Monsieurs<\/strong><\/em><br><em>R\u00f4le de Buckingham &#8211; <\/em><strong>Avignon<\/strong> <br><br><em><strong>2014-2016 &#8211; Autour de ma pierre, il ne fera pas nuit<\/strong><\/em> de F. Melquiot <strong>\/Cie Les pas de cot\u00e9<\/strong><br><em>R\u00f4le de Dan &#8211; <\/em><strong>Paris, Avignon, tourn\u00e9e<\/strong> <br><br><strong><em>2014-2016 &#8211; Sur les valises<\/em><\/strong><em>, <\/em>m.e.s. Nikola Carton<strong> \/Th\u00e9\u00e2tre de la grimace<br><\/strong><em>R\u00f4les divers &#8211;<\/em><strong> Paris, tourn\u00e9e<\/strong><br><br><em><strong>2013-2015 &#8211; M\u00fcnchhausen,<\/strong><\/em><strong><em>mensonge collectif<\/em><\/strong> m.e.s. Elsa Robinne<strong> \/Cie Grand Th\u00e9\u00e2tre<br><\/strong><em>R\u00f4le du Baron de M\u00fcnchhausen &#8211;<\/em><strong> Paris, tourn\u00e9e<\/strong><br><br><strong><em>2013 &#8211; Vous disiez ?!&#8230;&nbsp;<\/em><\/strong> m.e.s. Amandine Calsat &amp; Pierre Vos<strong> \/Cie La Bo\u00eete du Souffleur<br><\/strong><em>R\u00f4les divers <\/em><strong>&#8211; Tourn\u00e9e<\/strong> <br><br> <strong><em>2012-2015 &#8211; M\u00fcnchhausen,&nbsp;le feuilleton&nbsp;<\/em><\/strong><em> <\/em>m.e.s. Elsa Robinne <strong>\/Cie Grand Th\u00e9\u00e2tre<br><\/strong><em>R\u00f4le du Baron de M\u00fcnchhausen &#8211;<\/em><strong> Paris, tourn\u00e9e<\/strong> <br><br><em><strong>2011-2015 &#8211; Le Dindon&nbsp;<\/strong><\/em> de Feydeau, m.e.s. V. Zagreba&nbsp;&amp; H. Lebarbier <strong>\/Cie Gu\u00e9pard Echapp\u00e9e<\/strong><br><em>R\u00f4le de Vatelin<\/em> &#8211;<strong>&nbsp;Paris, Avignon, tourn\u00e9e<\/strong> <br><br><em><strong>2009-2014 &#8211; Entre les lignes (de&nbsp;Courteline)&nbsp;<\/strong><\/em>&nbsp;4 pi\u00e8ces courtes <strong>\/Le Pans&nbsp; d&rsquo;Arts Th\u00e9\u00e2tre<\/strong><br><em>R\u00f4les divers<\/em> &#8211;<strong>&nbsp;Paris, Avignon, tourn\u00e9e<\/strong>  <br><br><strong><em>2009-2011 &#8211; Le Mariage Forc\u00e9<\/em><\/strong> de Moli\u00e8re, m.e.s. Y. Yang &amp; J. Barlerin <strong>\/Th\u00e9\u00e2tre Taraxacum<\/strong><br><em>R\u00f4les de Marphurius &amp; Lycaste <\/em> <em>&#8211;<\/em><strong> Paris, tourn\u00e9e<\/strong>   <br><br><strong><em>2009-2011 &#8211; Variations sur la mort<\/em><\/strong> de Jon Fosse, m.e.s. Adrien Dupuis Hepner<strong> \/Teatro Nudo<em><br><\/em><\/strong><em>R\u00f4le de l&rsquo;ami<\/em> <em>&#8211;<\/em><strong> Paris<\/strong> <br><br><strong><em>2009-2010 &#8211; Le Magicien d&rsquo;Oz<\/em><\/strong>   m.e.s. H. Sablic&nbsp;&amp; M. Bouchat<strong> \/Cie La Bo\u00eete du Souffleur<br><\/strong><em>R\u00f4le du Magicien d&rsquo;Oz <\/em> <em>&#8211;<\/em><strong> Paris<\/strong>  <br><br><strong><em>2009 &#8211; La nuit o\u00f9 j&rsquo;ai trouv\u00e9 ma peau<\/em><\/strong> m.e.s. Martine Poirier<br><em>R\u00f4le de M Brown &#8211;<\/em><strong> Paris<\/strong> <br><br><strong><em>2008 &#8211; Personne ne sait qu\u2019il neige en Afrique<\/em><\/strong> de B.M Kolt\u00e8s, m.e.s. Jean Bellorini<br><em>R\u00f4les divers &#8211;<\/em><strong> Paris<\/strong>  <br><br><strong><em>2006-2007 &#8211; Les caprices de Marianne <\/em><\/strong> m.e.s. Fran\u00e7oise Kerver,<br><em>R\u00f4le de Coelio<\/em><strong> &#8211; Paris, tourn\u00e9e<\/strong><br><br><strong><em>2006 &#8211; Salina <\/em><\/strong>de Laurent Gaud\u00e9, m.e.s. Alain Batis<br><em>R\u00f4le de Kano<\/em><strong> &#8211; Aria Corse<\/strong><br><br><strong><em>2006 &#8211; Jeux de massacre <\/em><\/strong>d\u2019Eug\u00e8ne Ionesco, m.e.s. Rapha\u00ebl Almosni<br><em>R\u00f4les divers<\/em> <\/p>\n\n\n\n<p><br><strong>Mise en&nbsp;sc\u00e8ne au th\u00e9\u00e2tre <\/strong><\/p>\n\n\n\n<p style=\"font-size:12px\"><strong><em>2016-2017 &#8211;<\/em><\/strong> <strong><em>Le Cri des Anges<\/em><\/strong> d&rsquo;Am\u00e9lie Cornu<strong> \/Cie Licorne de Brume<\/strong><br><br><strong><em>2008-2012 &#8211; Le Misanthrope et l&rsquo;Auvergnat<\/em><\/strong> d&rsquo;Eug\u00e8ne Labiche <strong>\/Cie La Bo\u00eete du Souffleur<\/strong><br>Co-mise en sc\u00e8ne avec<strong> <\/strong>Chryst\u00e8le Lequiller<strong> &#8211; Paris, Avignon, tourn\u00e9e<\/strong><br><br><strong><em>2009-2011 &#8211; Le Mariage Forc\u00e9<\/em><\/strong> de Moli\u00e8re <strong>\/Th\u00e9\u00e2tre Taraxacum<br><\/strong>Co-mise en sc\u00e8ne avec Yilin Yang<strong> &#8211; Paris, tourn\u00e9e<\/strong><\/p>\n\n\n\n<p><br><strong>Cin\u00e9 \/ Vid\u00e9o<\/strong><\/p>\n\n\n\n<p style=\"font-size:12px\"><strong>2015 &#8211; <\/strong>Pub&nbsp;&nbsp;&nbsp;&nbsp;&nbsp;<strong><em>Les Mutuelles de Poitiers<\/em><\/strong>&#8211; r\u00e9alisation<strong> S\u00e9bastien Pancrazi<\/strong><br><strong>2014 &#8211; <\/strong>Pub&nbsp;&nbsp;&nbsp; &nbsp;<strong><em>\u00ab\u00a0Les passionn\u00e9s\u00a0\u00bb Europcar<\/em><\/strong>&#8211; r\u00e9alisation<strong> Lionel Hirle &amp; Gr\u00e9gory Ohrel<br>2014 &#8211;<\/strong> CM&nbsp;&nbsp;&nbsp; &nbsp;&nbsp; <strong><em>Magdala<\/em><\/strong> &#8211; r\u00e9alisation <strong>M\u00e9lanie Gransart<br>2013 &#8211;<\/strong> CM&nbsp;&nbsp;&nbsp;&nbsp;&nbsp; &nbsp;<strong><em>Je suis Catherine Deneuve<\/em><\/strong> &#8211; r\u00e9alisation <strong>Beno\u00eet Mars<br>2012 &#8211; <\/strong>Pub&nbsp;&nbsp;&nbsp; &nbsp;<strong><em>\u00ab\u00a0ALPAGA\u00a0\u00bb Artisans du monde<\/em><\/strong> &#8211; r\u00e9alisation<strong> Julien Lesle<\/strong> <br><strong>2011 &#8211; <\/strong>CM&nbsp;&nbsp;&nbsp;&nbsp;&nbsp; &nbsp;<strong><em>Chailles<\/em><\/strong> &#8211; r\u00e9alisation <strong>Jos\u00e9 Eon<br>2011 &#8211; <\/strong>CM&nbsp;&nbsp;&nbsp;&nbsp;&nbsp;&nbsp;&nbsp;<em><strong>Monsieur Paul<\/strong><\/em> &#8211; r\u00e9alisation <strong>Hugo Sablic<br>2011 &#8211;<\/strong> Instit.&nbsp;&nbsp;<em><strong>12 films \u00ab Managering in progress \u00bb<\/strong><\/em> &#8211; r\u00e9alisation <strong>Tristan S\u00e9benne&nbsp;<br>2010 &#8211; <\/strong>Instit.&nbsp;&nbsp;<strong><em>Film instit. Suez<\/em><\/strong> &#8211; r\u00e9alisation <strong>St\u00e9phane Deville<br>2010 &#8211;<\/strong> CM&nbsp;&nbsp;&nbsp;&nbsp;&nbsp;&nbsp; <strong><em>Le chien <\/em><\/strong>&#8211; r\u00e9alisation <strong>Jos\u00e9 Eon<br>2009 &#8211; <\/strong>MM&nbsp;&nbsp;&nbsp;&nbsp;&nbsp;&nbsp;<strong><em>Tu dis que tu m&rsquo;aimes<\/em><\/strong>&nbsp; &#8211; r\u00e9alisation <strong>Brigitte Lemaine<br>2007 &#8211; <\/strong>CM&nbsp;&nbsp;&nbsp;&nbsp;&nbsp;<em><strong>&nbsp;Dans l&rsquo;ombre<\/strong><\/em> &#8211; r\u00e9alisation <strong>No\u00e9lie Martin<\/strong><\/p>\n\n\n\n<p><br> <strong>Voix-off  <\/strong><\/p>\n\n\n\n<p style=\"font-size:12px\"><strong>2011-2019 &#8211;<\/strong> <strong>Voix d&rsquo;ambiance<\/strong> sur long-m\u00e9trages cin\u00e9 et fictions tv <br><strong>2010-2019 &#8211; Voice-over<\/strong> documentaire <\/p>\n\n\n\n<p class=\"has-medium-font-size\"><br><strong>Formation<\/strong><\/p>\n\n\n\n<p style=\"font-size:12px\">         <strong>  Th\u00e9\u00e2tre <\/strong><br><em><strong>2005-2008 &#8211; Ecole Claude Mathieu<\/strong> (3, rue l\u2019olive &#8211; Paris)<br><strong>2006 &#8211; 9\u00b0 Rencontres Internationales de Th\u00e9\u00e2tre en Corse<\/strong> &#8211; ARIA, Robin Renucci<\/em> <br><em><em><strong>2002-2005 &#8211; ADAC<\/strong> (Paris), cours de<strong> Fran\u00e7oise Kerve<\/strong>r<\/em><\/em><br><br>            <strong>Cin\u00e9ma<\/strong>  <br><em><strong>2010 &#8211; <\/strong>Stage AFDAS de <strong>Ren\u00e9 F\u00e9ret<\/strong> : <strong>Le jeu de l&rsquo;acteur au cin\u00e9ma<\/strong> (Paris)<\/em> <br><br>           <strong> Chant<\/strong> <br><em><strong>2012 &#8211; <\/strong>Stage AFDAS \u00ab\u00a0<strong>Techniques du chanteur<\/strong>\u00a0\u00bb &#8211;&nbsp;ACP La Manufacture Chanson (Paris)<\/em><br><em><strong>2009-2010 &#8211;<\/strong> Cours de <strong>Marie-Th\u00e9r\u00e8se Rivoli<\/strong> (Paris) <\/em> <br><br>          <strong> Voix-Off<\/strong><br><em><strong>2015 &#8211; <\/strong>Stage AFDAS \u00ab\u00a0<strong>Le jeu et le doublage \/ Voice Over &#8211; Commentaire<\/strong>. <strong>Le Magasin<\/strong> (Malakoff)<\/em> <br><\/p>\n","protected":false},"excerpt":{"rendered":"<p>t\u00e9l\u00e9chargeable ici en pdf Com\u00e9dien &#8211; Chant &#8211; Voix-off Depuis 2015 : fondateur et programmateur du festival \u00ab Th\u00e9\u00e2tre \u00e0 Seilhac \u00bbwww.theatreaseilhac.com Chant : baryton &#8211; baryton martin1 m 77 \u2013 73 kg \u2013 Pointure 41Veste&nbsp;50 \u2013 Pantalon 40 \u2013 Cou&nbsp;42 \u2013 T\u00eate 59Cheveux ch\u00e2tain &#8211; Yeux bleus Exp\u00e9rience artistique Interpr\u00e8te au th\u00e9\u00e2tre Depuis 2020 &hellip; <\/p>\n<p class=\"link-more\"><a href=\"https:\/\/www.jeanbarlerin.com\/?page_id=17\" class=\"more-link\">Continuer la lecture<span class=\"screen-reader-text\"> de &laquo;&nbsp;CV \/ Infos&nbsp;&raquo;<\/span><\/a><\/p>\n","protected":false},"author":1,"featured_media":0,"parent":0,"menu_order":0,"comment_status":"closed","ping_status":"closed","template":"","meta":[],"_links":{"self":[{"href":"https:\/\/www.jeanbarlerin.com\/index.php?rest_route=\/wp\/v2\/pages\/17"}],"collection":[{"href":"https:\/\/www.jeanbarlerin.com\/index.php?rest_route=\/wp\/v2\/pages"}],"about":[{"href":"https:\/\/www.jeanbarlerin.com\/index.php?rest_route=\/wp\/v2\/types\/page"}],"author":[{"embeddable":true,"href":"https:\/\/www.jeanbarlerin.com\/index.php?rest_route=\/wp\/v2\/users\/1"}],"replies":[{"embeddable":true,"href":"https:\/\/www.jeanbarlerin.com\/index.php?rest_route=%2Fwp%2Fv2%2Fcomments&post=17"}],"version-history":[{"count":31,"href":"https:\/\/www.jeanbarlerin.com\/index.php?rest_route=\/wp\/v2\/pages\/17\/revisions"}],"predecessor-version":[{"id":349,"href":"https:\/\/www.jeanbarlerin.com\/index.php?rest_route=\/wp\/v2\/pages\/17\/revisions\/349"}],"wp:attachment":[{"href":"https:\/\/www.jeanbarlerin.com\/index.php?rest_route=%2Fwp%2Fv2%2Fmedia&parent=17"}],"curies":[{"name":"wp","href":"https:\/\/api.w.org\/{rel}","templated":true}]}}